{"id":8198,"date":"2026-03-01T03:57:05","date_gmt":"2026-03-01T08:57:05","guid":{"rendered":"https:\/\/buycellfix.ca\/?page_id=8198"},"modified":"2026-03-01T04:00:31","modified_gmt":"2026-03-01T09:00:31","slug":"blog","status":"publish","type":"page","link":"https:\/\/buycellfix.ca\/fr\/blog\/","title":{"rendered":"Blog"},"content":{"rendered":"<div data-elementor-type=\"wp-page\" data-elementor-id=\"8198\" class=\"elementor elementor-8198\" data-elementor-post-type=\"page\">\n\t\t\t\t\t\t<section class=\"elementor-section elementor-top-section elementor-element elementor-element-53b29cdf0 elementor-section-boxed elementor-section-height-default elementor-section-height-default wpr-particle-no wpr-jarallax-no wpr-parallax-no wpr-sticky-section-no\" data-id=\"53b29cdf0\" data-element_type=\"section\" data-e-type=\"section\">\n\t\t\t\t\t\t<div class=\"elementor-container elementor-column-gap-default\">\n\t\t\t\t\t<div class=\"elementor-column elementor-col-100 elementor-top-column elementor-element elementor-element-45aff79e\" data-id=\"45aff79e\" data-element_type=\"column\" data-e-type=\"column\">\n\t\t\t<div class=\"elementor-widget-wrap elementor-element-populated\">\n\t\t\t\t\t\t<div class=\"elementor-element elementor-element-9d2d126 elementor-widget elementor-widget-heading\" data-id=\"9d2d126\" data-element_type=\"widget\" data-e-type=\"widget\" data-widget_type=\"heading.default\">\n\t\t\t\t\t<h2 class=\"elementor-heading-title elementor-size-default\">Blogs<\/h2>\t\t\t\t<\/div>\n\t\t\t\t<div class=\"elementor-element elementor-element-8874859 elementor-widget elementor-widget-pix-blog\" data-id=\"8874859\" data-element_type=\"widget\" data-e-type=\"widget\" data-widget_type=\"pix-blog.default\">\n\t\t\t\t<div class=\"elementor-widget-container\">\n\t\t\t\t\t<div class=\"row\"><div class=\"col-xs-12 col-md-4 pix-mb-40\"><div class=\"pix-content-box pix-post-meta-element pix-post-meta-basic fly-sm2 d-flex align-content-between flex-wrap align-self-stretch rounded-0  overflow-hidden w-100  post-8505 post type-post status-publish format-standard has-post-thumbnail hentry category-uncategorized\"  >\n\t\t\t\t<div class=\"d-flex align-items-start w-100\">\n\t\t\t\t\t<div class=\"w-100\"><div class=\"d-block\"><a href=\"https:\/\/buycellfix.ca\/fr\/types-device-repairs-guide-laval-montreal-residents\/\"><div class=\"rounded-0 overflow-hidden position-relative d-block pix-fit-cover\" style=\"height:200px;width:100%;\"><img loading=\"lazy\" decoding=\"async\" width=\"622\" height=\"400\" src=\"https:\/\/buycellfix.ca\/wp-content\/uploads\/2026\/03\/1773156218416_image-1-622x400.png\" class=\"img-fluid  card-img-top\" alt=\"Types de r\u00e9parations d&#039;appareils : guide rapide pour les habitants de Laval\" style=\"height:200px;width:100%;object-fit: cover;\" srcset=\"https:\/\/buycellfix.ca\/wp-content\/uploads\/2026\/03\/1773156218416_image-1-622x400.png 622w, https:\/\/buycellfix.ca\/wp-content\/uploads\/2026\/03\/1773156218416_image-1-24x14.png 24w\" sizes=\"auto, (max-width: 622px) 100vw, 622px\" \/><\/div><\/a><\/div><div class=\"d-block pix-p-20 position-relative\">\n\t\t\t\t\t\t\t<span class=\"pix-post-meta-categories d-inline-block text-sm pb-1 mb-1\"><a href=\"https:\/\/buycellfix.ca\/fr\/category\/uncategorized\/\" target=\"_self\"><span class=\"pix-badge-element custom d-inline-flex mr-1\"  ><span class=\"badge font-weight-bold  bg-primary-light\" style=\"font-size:12px; padding:5px 10px;line-height:12px;margin-right:3px;\"><span class=\"text-primary\" style=\"\">Non class\u00e9<\/span><\/span><\/span><\/a><\/span>\n\t\t\t\t\t\t\t<a class=\"text-heading-default\" href=\"https:\/\/buycellfix.ca\/fr\/types-device-repairs-guide-laval-montreal-residents\/\"><h5 class=\"card-title mb-2 secondary-font font-weight-bold\">Types de r\u00e9parations d'appareils : guide rapide pour les habitants de Laval<\/h5><\/a><a class=\"pix-post-meta-date pix-blog-post-text text-sm mb-0 d-inline-block text-body-default svg-body-default\" href=\"https:\/\/buycellfix.ca\/fr\/types-device-repairs-guide-laval-montreal-residents\/\"><span class=\"pr-1\">\n\t\t\t\t\t\t\t\t<svg xmlns=\"http:\/\/www.w3.org\/2000\/svg\" width=\"18\" height=\"18\" viewbox=\"0 0 18 18\">\n  <path fill=\"currentColor\" d=\"M9,0 C13.95,0 18,4.05 18,9 C18,13.95 13.95,18 9,18 C4.05,18 0,13.95 0,9 C0,4.05 4.05,0 9,0 Z M9,16.2 C12.96,16.2 16.2,12.96 16.2,9 C16.2,5.04 12.96,1.8 9,1.8 C5.04,1.8 1.8,5.04 1.8,9 C1.8,12.96 5.04,16.2 9,16.2 Z M12.6,9.4 C13.26,9.4 13.8,9.64 13.8,10.3 C13.8,10.96 13.26,11.2 12.6,11.2 L7.8,11.2 L7.8,5.8 C7.8,5.14 8.04,4.6 8.7,4.6 C9.36,4.6 9.6,5.14 9.6,5.8 L9.6,9.4 L12.6,9.4 Z\"\/>\n<\/svg>\n\n\t\t\t\t\t\t\t\t<\/span><span class=\"text-body-default pix-blog-post-text\">10 mars 2026<\/span><\/a><\/div>\n\t\t\t\t\t<\/div>\n\t\t\t\t<\/div><\/div><\/div><div class=\"col-xs-12 col-md-4 pix-mb-40\"><div class=\"pix-content-box pix-post-meta-element pix-post-meta-basic fly-sm2 d-flex align-content-between flex-wrap align-self-stretch rounded-0  overflow-hidden w-100  post-8500 post type-post status-publish format-standard has-post-thumbnail hentry category-uncategorized\"  >\n\t\t\t\t<div class=\"d-flex align-items-start w-100\">\n\t\t\t\t\t<div class=\"w-100\"><div class=\"d-block\"><a href=\"https:\/\/buycellfix.ca\/fr\/fix-mobile-device-problems-fast-laval-montreal\/\"><div class=\"rounded-0 overflow-hidden position-relative d-block pix-fit-cover\" style=\"height:200px;width:100%;\"><img loading=\"lazy\" decoding=\"async\" width=\"622\" height=\"400\" src=\"https:\/\/buycellfix.ca\/wp-content\/uploads\/2026\/03\/1772975756853_image-1-622x400.png\" class=\"img-fluid  card-img-top\" alt=\"R\u00e9parez rapidement les probl\u00e8mes de votre appareil mobile \u00e0 Laval et \u00e0 Montr\u00e9al\" style=\"height:200px;width:100%;object-fit: cover;\" srcset=\"https:\/\/buycellfix.ca\/wp-content\/uploads\/2026\/03\/1772975756853_image-1-622x400.png 622w, https:\/\/buycellfix.ca\/wp-content\/uploads\/2026\/03\/1772975756853_image-1-24x14.png 24w\" sizes=\"auto, (max-width: 622px) 100vw, 622px\" \/><\/div><\/a><\/div><div class=\"d-block pix-p-20 position-relative\">\n\t\t\t\t\t\t\t<span class=\"pix-post-meta-categories d-inline-block text-sm pb-1 mb-1\"><a href=\"https:\/\/buycellfix.ca\/fr\/category\/uncategorized\/\" target=\"_self\"><span class=\"pix-badge-element custom d-inline-flex mr-1\"  ><span class=\"badge font-weight-bold  bg-primary-light\" style=\"font-size:12px; padding:5px 10px;line-height:12px;margin-right:3px;\"><span class=\"text-primary\" style=\"\">Non class\u00e9<\/span><\/span><\/span><\/a><\/span>\n\t\t\t\t\t\t\t<a class=\"text-heading-default\" href=\"https:\/\/buycellfix.ca\/fr\/fix-mobile-device-problems-fast-laval-montreal\/\"><h5 class=\"card-title mb-2 secondary-font font-weight-bold\">R\u00e9parez rapidement les probl\u00e8mes de votre appareil mobile \u00e0 Laval et \u00e0 Montr\u00e9al<\/h5><\/a><a class=\"pix-post-meta-date pix-blog-post-text text-sm mb-0 d-inline-block text-body-default svg-body-default\" href=\"https:\/\/buycellfix.ca\/fr\/fix-mobile-device-problems-fast-laval-montreal\/\"><span class=\"pr-1\">\n\t\t\t\t\t\t\t\t<svg xmlns=\"http:\/\/www.w3.org\/2000\/svg\" width=\"18\" height=\"18\" viewbox=\"0 0 18 18\">\n  <path fill=\"currentColor\" d=\"M9,0 C13.95,0 18,4.05 18,9 C18,13.95 13.95,18 9,18 C4.05,18 0,13.95 0,9 C0,4.05 4.05,0 9,0 Z M9,16.2 C12.96,16.2 16.2,12.96 16.2,9 C16.2,5.04 12.96,1.8 9,1.8 C5.04,1.8 1.8,5.04 1.8,9 C1.8,12.96 5.04,16.2 9,16.2 Z M12.6,9.4 C13.26,9.4 13.8,9.64 13.8,10.3 C13.8,10.96 13.26,11.2 12.6,11.2 L7.8,11.2 L7.8,5.8 C7.8,5.14 8.04,4.6 8.7,4.6 C9.36,4.6 9.6,5.14 9.6,5.8 L9.6,9.4 L12.6,9.4 Z\"\/>\n<\/svg>\n\n\t\t\t\t\t\t\t\t<\/span><span class=\"text-body-default pix-blog-post-text\">10 mars 2026<\/span><\/a><\/div>\n\t\t\t\t\t<\/div>\n\t\t\t\t<\/div><\/div><\/div><div class=\"col-xs-12 col-md-4 pix-mb-40\"><div class=\"pix-content-box pix-post-meta-element pix-post-meta-basic fly-sm2 d-flex align-content-between flex-wrap align-self-stretch rounded-0  overflow-hidden w-100  post-8497 post type-post status-publish format-standard has-post-thumbnail hentry category-uncategorized\"  >\n\t\t\t\t<div class=\"d-flex align-items-start w-100\">\n\t\t\t\t\t<div class=\"w-100\"><div class=\"d-block\"><a href=\"https:\/\/buycellfix.ca\/fr\/what-is-screen-repair-2026-guide-laval-montreal\/\"><div class=\"rounded-0 overflow-hidden position-relative d-block pix-fit-cover\" style=\"height:200px;width:100%;\"><img loading=\"lazy\" decoding=\"async\" width=\"622\" height=\"400\" src=\"https:\/\/buycellfix.ca\/wp-content\/uploads\/2026\/03\/1772975618664_image-622x400.png\" class=\"img-fluid  card-img-top\" alt=\"Qu&#039;est-ce que la r\u00e9paration d&#039;\u00e9cran : un guide 2026 pour Laval et Montr\u00e9al\" style=\"height:200px;width:100%;object-fit: cover;\" srcset=\"https:\/\/buycellfix.ca\/wp-content\/uploads\/2026\/03\/1772975618664_image-622x400.png 622w, https:\/\/buycellfix.ca\/wp-content\/uploads\/2026\/03\/1772975618664_image-24x14.png 24w\" sizes=\"auto, (max-width: 622px) 100vw, 622px\" \/><\/div><\/a><\/div><div class=\"d-block pix-p-20 position-relative\">\n\t\t\t\t\t\t\t<span class=\"pix-post-meta-categories d-inline-block text-sm pb-1 mb-1\"><a href=\"https:\/\/buycellfix.ca\/fr\/category\/uncategorized\/\" target=\"_self\"><span class=\"pix-badge-element custom d-inline-flex mr-1\"  ><span class=\"badge font-weight-bold  bg-primary-light\" style=\"font-size:12px; padding:5px 10px;line-height:12px;margin-right:3px;\"><span class=\"text-primary\" style=\"\">Non class\u00e9<\/span><\/span><\/span><\/a><\/span>\n\t\t\t\t\t\t\t<a class=\"text-heading-default\" href=\"https:\/\/buycellfix.ca\/fr\/what-is-screen-repair-2026-guide-laval-montreal\/\"><h5 class=\"card-title mb-2 secondary-font font-weight-bold\">Qu'est-ce que la r\u00e9paration d'\u00e9cran : un guide 2026 pour Laval et Montr\u00e9al<\/h5><\/a><a class=\"pix-post-meta-date pix-blog-post-text text-sm mb-0 d-inline-block text-body-default svg-body-default\" href=\"https:\/\/buycellfix.ca\/fr\/what-is-screen-repair-2026-guide-laval-montreal\/\"><span class=\"pr-1\">\n\t\t\t\t\t\t\t\t<svg xmlns=\"http:\/\/www.w3.org\/2000\/svg\" width=\"18\" height=\"18\" viewbox=\"0 0 18 18\">\n  <path fill=\"currentColor\" d=\"M9,0 C13.95,0 18,4.05 18,9 C18,13.95 13.95,18 9,18 C4.05,18 0,13.95 0,9 C0,4.05 4.05,0 9,0 Z M9,16.2 C12.96,16.2 16.2,12.96 16.2,9 C16.2,5.04 12.96,1.8 9,1.8 C5.04,1.8 1.8,5.04 1.8,9 C1.8,12.96 5.04,16.2 9,16.2 Z M12.6,9.4 C13.26,9.4 13.8,9.64 13.8,10.3 C13.8,10.96 13.26,11.2 12.6,11.2 L7.8,11.2 L7.8,5.8 C7.8,5.14 8.04,4.6 8.7,4.6 C9.36,4.6 9.6,5.14 9.6,5.8 L9.6,9.4 L12.6,9.4 Z\"\/>\n<\/svg>\n\n\t\t\t\t\t\t\t\t<\/span><span class=\"text-body-default pix-blog-post-text\">10 mars 2026<\/span><\/a><\/div>\n\t\t\t\t\t<\/div>\n\t\t\t\t<\/div><\/div><\/div><div class=\"col-xs-12 col-md-4 pix-mb-40\"><div class=\"pix-content-box pix-post-meta-element pix-post-meta-basic fly-sm2 d-flex align-content-between flex-wrap align-self-stretch rounded-0  overflow-hidden w-100  post-5433 post type-post status-publish format-standard hentry category-post\"  >\n\t\t\t\t<div class=\"d-flex align-items-start w-100\">\n\t\t\t\t\t<div class=\"w-100\"><div class=\"d-block\"><a href=\"https:\/\/buycellfix.ca\/fr\/console-repair-overheating-montreal-best-professional-solutions-for-ps5-xbox\/\"><div class=\"rounded-0 overflow-hidden position-relative d-block pix-fit-cover\" style=\"height:200px !important;width:100%;\"><div class=\"d-inline-block w-100 h-100 bg-primary\" style=\"min-height:200px;\"><\/div><\/div><\/a><\/div><div class=\"d-block pix-p-20 position-relative\">\n\t\t\t\t\t\t\t<span class=\"pix-post-meta-categories d-inline-block text-sm pb-1 mb-1\"><a href=\"https:\/\/buycellfix.ca\/fr\/category\/post\/\" target=\"_self\"><span class=\"pix-badge-element custom d-inline-flex mr-1\"  ><span class=\"badge font-weight-bold  bg-primary-light\" style=\"font-size:12px; padding:5px 10px;line-height:12px;margin-right:3px;\"><span class=\"text-primary\" style=\"\">Poste<\/span><\/span><\/span><\/a><\/span>\n\t\t\t\t\t\t\t<a class=\"text-heading-default\" href=\"https:\/\/buycellfix.ca\/fr\/console-repair-overheating-montreal-best-professional-solutions-for-ps5-xbox\/\"><h5 class=\"card-title mb-2 secondary-font font-weight-bold\">R\u00e9paration console surchauffe Montr\u00e9al : Meilleures solutions professionnelles pour PS5 et Xbox<\/h5><\/a><a class=\"pix-post-meta-date pix-blog-post-text text-sm mb-0 d-inline-block text-body-default svg-body-default\" href=\"https:\/\/buycellfix.ca\/fr\/console-repair-overheating-montreal-best-professional-solutions-for-ps5-xbox\/\"><span class=\"pr-1\">\n\t\t\t\t\t\t\t\t<svg xmlns=\"http:\/\/www.w3.org\/2000\/svg\" width=\"18\" height=\"18\" viewbox=\"0 0 18 18\">\n  <path fill=\"currentColor\" d=\"M9,0 C13.95,0 18,4.05 18,9 C18,13.95 13.95,18 9,18 C4.05,18 0,13.95 0,9 C0,4.05 4.05,0 9,0 Z M9,16.2 C12.96,16.2 16.2,12.96 16.2,9 C16.2,5.04 12.96,1.8 9,1.8 C5.04,1.8 1.8,5.04 1.8,9 C1.8,12.96 5.04,16.2 9,16.2 Z M12.6,9.4 C13.26,9.4 13.8,9.64 13.8,10.3 C13.8,10.96 13.26,11.2 12.6,11.2 L7.8,11.2 L7.8,5.8 C7.8,5.14 8.04,4.6 8.7,4.6 C9.36,4.6 9.6,5.14 9.6,5.8 L9.6,9.4 L12.6,9.4 Z\"\/>\n<\/svg>\n\n\t\t\t\t\t\t\t\t<\/span><span class=\"text-body-default pix-blog-post-text\">13 octobre 2025<\/span><\/a><\/div>\n\t\t\t\t\t<\/div>\n\t\t\t\t<\/div><\/div><\/div><div class=\"col-xs-12 col-md-4 pix-mb-40\"><div class=\"pix-content-box pix-post-meta-element pix-post-meta-basic fly-sm2 d-flex align-content-between flex-wrap align-self-stretch rounded-0  overflow-hidden w-100  post-5431 post type-post status-publish format-standard hentry category-post\"  >\n\t\t\t\t<div class=\"d-flex align-items-start w-100\">\n\t\t\t\t\t<div class=\"w-100\"><div class=\"d-block\"><a href=\"https:\/\/buycellfix.ca\/fr\/hdmi-port-repair-montreal-best-professional-console-solutions-for-ps5-xbox\/\"><div class=\"rounded-0 overflow-hidden position-relative d-block pix-fit-cover\" style=\"height:200px !important;width:100%;\"><div class=\"d-inline-block w-100 h-100 bg-primary\" style=\"min-height:200px;\"><\/div><\/div><\/a><\/div><div class=\"d-block pix-p-20 position-relative\">\n\t\t\t\t\t\t\t<span class=\"pix-post-meta-categories d-inline-block text-sm pb-1 mb-1\"><a href=\"https:\/\/buycellfix.ca\/fr\/category\/post\/\" target=\"_self\"><span class=\"pix-badge-element custom d-inline-flex mr-1\"  ><span class=\"badge font-weight-bold  bg-primary-light\" style=\"font-size:12px; padding:5px 10px;line-height:12px;margin-right:3px;\"><span class=\"text-primary\" style=\"\">Poste<\/span><\/span><\/span><\/a><\/span>\n\t\t\t\t\t\t\t<a class=\"text-heading-default\" href=\"https:\/\/buycellfix.ca\/fr\/hdmi-port-repair-montreal-best-professional-console-solutions-for-ps5-xbox\/\"><h5 class=\"card-title mb-2 secondary-font font-weight-bold\">R\u00e9paration du port HDMI Montr\u00e9al : Meilleures solutions professionnelles pour PS5 et Xbox<\/h5><\/a><a class=\"pix-post-meta-date pix-blog-post-text text-sm mb-0 d-inline-block text-body-default svg-body-default\" href=\"https:\/\/buycellfix.ca\/fr\/hdmi-port-repair-montreal-best-professional-console-solutions-for-ps5-xbox\/\"><span class=\"pr-1\">\n\t\t\t\t\t\t\t\t<svg xmlns=\"http:\/\/www.w3.org\/2000\/svg\" width=\"18\" height=\"18\" viewbox=\"0 0 18 18\">\n  <path fill=\"currentColor\" d=\"M9,0 C13.95,0 18,4.05 18,9 C18,13.95 13.95,18 9,18 C4.05,18 0,13.95 0,9 C0,4.05 4.05,0 9,0 Z M9,16.2 C12.96,16.2 16.2,12.96 16.2,9 C16.2,5.04 12.96,1.8 9,1.8 C5.04,1.8 1.8,5.04 1.8,9 C1.8,12.96 5.04,16.2 9,16.2 Z M12.6,9.4 C13.26,9.4 13.8,9.64 13.8,10.3 C13.8,10.96 13.26,11.2 12.6,11.2 L7.8,11.2 L7.8,5.8 C7.8,5.14 8.04,4.6 8.7,4.6 C9.36,4.6 9.6,5.14 9.6,5.8 L9.6,9.4 L12.6,9.4 Z\"\/>\n<\/svg>\n\n\t\t\t\t\t\t\t\t<\/span><span class=\"text-body-default pix-blog-post-text\">13 octobre 2025<\/span><\/a><\/div>\n\t\t\t\t\t<\/div>\n\t\t\t\t<\/div><\/div><\/div><div class=\"col-xs-12 col-md-4 pix-mb-40\"><div class=\"pix-content-box pix-post-meta-element pix-post-meta-basic fly-sm2 d-flex align-content-between flex-wrap align-self-stretch rounded-0  overflow-hidden w-100  post-5429 post type-post status-publish format-standard hentry category-uncategorized\"  >\n\t\t\t\t<div class=\"d-flex align-items-start w-100\">\n\t\t\t\t\t<div class=\"w-100\"><div class=\"d-block\"><a href=\"https:\/\/buycellfix.ca\/fr\/reparation-port-hdmi-montreal-meilleures-solutions-professionnelles-pour-ps5-xbox\/\"><div class=\"rounded-0 overflow-hidden position-relative d-block pix-fit-cover\" style=\"height:200px !important;width:100%;\"><div class=\"d-inline-block w-100 h-100 bg-primary\" style=\"min-height:200px;\"><\/div><\/div><\/a><\/div><div class=\"d-block pix-p-20 position-relative\">\n\t\t\t\t\t\t\t<span class=\"pix-post-meta-categories d-inline-block text-sm pb-1 mb-1\"><a href=\"https:\/\/buycellfix.ca\/fr\/category\/uncategorized\/\" target=\"_self\"><span class=\"pix-badge-element custom d-inline-flex mr-1\"  ><span class=\"badge font-weight-bold  bg-primary-light\" style=\"font-size:12px; padding:5px 10px;line-height:12px;margin-right:3px;\"><span class=\"text-primary\" style=\"\">Non class\u00e9<\/span><\/span><\/span><\/a><\/span>\n\t\t\t\t\t\t\t<a class=\"text-heading-default\" href=\"https:\/\/buycellfix.ca\/fr\/reparation-port-hdmi-montreal-meilleures-solutions-professionnelles-pour-ps5-xbox\/\"><h5 class=\"card-title mb-2 secondary-font font-weight-bold\">R\u00e9paration Port HDMI Montr\u00e9al : Meilleures Solutions Professionnelles pour PS5 et Xbox<\/h5><\/a><a class=\"pix-post-meta-date pix-blog-post-text text-sm mb-0 d-inline-block text-body-default svg-body-default\" href=\"https:\/\/buycellfix.ca\/fr\/reparation-port-hdmi-montreal-meilleures-solutions-professionnelles-pour-ps5-xbox\/\"><span class=\"pr-1\">\n\t\t\t\t\t\t\t\t<svg xmlns=\"http:\/\/www.w3.org\/2000\/svg\" width=\"18\" height=\"18\" viewbox=\"0 0 18 18\">\n  <path fill=\"currentColor\" d=\"M9,0 C13.95,0 18,4.05 18,9 C18,13.95 13.95,18 9,18 C4.05,18 0,13.95 0,9 C0,4.05 4.05,0 9,0 Z M9,16.2 C12.96,16.2 16.2,12.96 16.2,9 C16.2,5.04 12.96,1.8 9,1.8 C5.04,1.8 1.8,5.04 1.8,9 C1.8,12.96 5.04,16.2 9,16.2 Z M12.6,9.4 C13.26,9.4 13.8,9.64 13.8,10.3 C13.8,10.96 13.26,11.2 12.6,11.2 L7.8,11.2 L7.8,5.8 C7.8,5.14 8.04,4.6 8.7,4.6 C9.36,4.6 9.6,5.14 9.6,5.8 L9.6,9.4 L12.6,9.4 Z\"\/>\n<\/svg>\n\n\t\t\t\t\t\t\t\t<\/span><span class=\"text-body-default pix-blog-post-text\">13 octobre 2025<\/span><\/a><\/div>\n\t\t\t\t\t<\/div>\n\t\t\t\t<\/div><\/div><\/div><div class=\"col-xs-12 col-md-4 pix-mb-40\"><div class=\"pix-content-box pix-post-meta-element pix-post-meta-basic fly-sm2 d-flex align-content-between flex-wrap align-self-stretch rounded-0  overflow-hidden w-100  post-5427 post type-post status-publish format-standard hentry category-post\"  >\n\t\t\t\t<div class=\"d-flex align-items-start w-100\">\n\t\t\t\t\t<div class=\"w-100\"><div class=\"d-block\"><a href=\"https:\/\/buycellfix.ca\/fr\/console-disc-drive-repair-montreal-best-professional-solutions-for-ps4-xbox\/\"><div class=\"rounded-0 overflow-hidden position-relative d-block pix-fit-cover\" style=\"height:200px !important;width:100%;\"><div class=\"d-inline-block w-100 h-100 bg-primary\" style=\"min-height:200px;\"><\/div><\/div><\/a><\/div><div class=\"d-block pix-p-20 position-relative\">\n\t\t\t\t\t\t\t<span class=\"pix-post-meta-categories d-inline-block text-sm pb-1 mb-1\"><a href=\"https:\/\/buycellfix.ca\/fr\/category\/post\/\" target=\"_self\"><span class=\"pix-badge-element custom d-inline-flex mr-1\"  ><span class=\"badge font-weight-bold  bg-primary-light\" style=\"font-size:12px; padding:5px 10px;line-height:12px;margin-right:3px;\"><span class=\"text-primary\" style=\"\">Poste<\/span><\/span><\/span><\/a><\/span>\n\t\t\t\t\t\t\t<a class=\"text-heading-default\" href=\"https:\/\/buycellfix.ca\/fr\/console-disc-drive-repair-montreal-best-professional-solutions-for-ps4-xbox\/\"><h5 class=\"card-title mb-2 secondary-font font-weight-bold\">R\u00e9paration de lecteur de disque de console Montr\u00e9al : Les meilleures solutions professionnelles pour PS4 et Xbox<\/h5><\/a><a class=\"pix-post-meta-date pix-blog-post-text text-sm mb-0 d-inline-block text-body-default svg-body-default\" href=\"https:\/\/buycellfix.ca\/fr\/console-disc-drive-repair-montreal-best-professional-solutions-for-ps4-xbox\/\"><span class=\"pr-1\">\n\t\t\t\t\t\t\t\t<svg xmlns=\"http:\/\/www.w3.org\/2000\/svg\" width=\"18\" height=\"18\" viewbox=\"0 0 18 18\">\n  <path fill=\"currentColor\" d=\"M9,0 C13.95,0 18,4.05 18,9 C18,13.95 13.95,18 9,18 C4.05,18 0,13.95 0,9 C0,4.05 4.05,0 9,0 Z M9,16.2 C12.96,16.2 16.2,12.96 16.2,9 C16.2,5.04 12.96,1.8 9,1.8 C5.04,1.8 1.8,5.04 1.8,9 C1.8,12.96 5.04,16.2 9,16.2 Z M12.6,9.4 C13.26,9.4 13.8,9.64 13.8,10.3 C13.8,10.96 13.26,11.2 12.6,11.2 L7.8,11.2 L7.8,5.8 C7.8,5.14 8.04,4.6 8.7,4.6 C9.36,4.6 9.6,5.14 9.6,5.8 L9.6,9.4 L12.6,9.4 Z\"\/>\n<\/svg>\n\n\t\t\t\t\t\t\t\t<\/span><span class=\"text-body-default pix-blog-post-text\">13 octobre 2025<\/span><\/a><\/div>\n\t\t\t\t\t<\/div>\n\t\t\t\t<\/div><\/div><\/div><div class=\"col-xs-12 col-md-4 pix-mb-40\"><div class=\"pix-content-box pix-post-meta-element pix-post-meta-basic fly-sm2 d-flex align-content-between flex-wrap align-self-stretch rounded-0  overflow-hidden w-100  post-5420 post type-post status-publish format-standard hentry category-uncategorized\"  >\n\t\t\t\t<div class=\"d-flex align-items-start w-100\">\n\t\t\t\t\t<div class=\"w-100\"><div class=\"d-block\"><a href=\"https:\/\/buycellfix.ca\/fr\/reparation-lecteur-disque-console-montreal-meilleures-solutions-professionnelles-pour-ps4-xbox\/\"><div class=\"rounded-0 overflow-hidden position-relative d-block pix-fit-cover\" style=\"height:200px !important;width:100%;\"><div class=\"d-inline-block w-100 h-100 bg-primary\" style=\"min-height:200px;\"><\/div><\/div><\/a><\/div><div class=\"d-block pix-p-20 position-relative\">\n\t\t\t\t\t\t\t<span class=\"pix-post-meta-categories d-inline-block text-sm pb-1 mb-1\"><a href=\"https:\/\/buycellfix.ca\/fr\/category\/uncategorized\/\" target=\"_self\"><span class=\"pix-badge-element custom d-inline-flex mr-1\"  ><span class=\"badge font-weight-bold  bg-primary-light\" style=\"font-size:12px; padding:5px 10px;line-height:12px;margin-right:3px;\"><span class=\"text-primary\" style=\"\">Non class\u00e9<\/span><\/span><\/span><\/a><\/span>\n\t\t\t\t\t\t\t<a class=\"text-heading-default\" href=\"https:\/\/buycellfix.ca\/fr\/reparation-lecteur-disque-console-montreal-meilleures-solutions-professionnelles-pour-ps4-xbox\/\"><h5 class=\"card-title mb-2 secondary-font font-weight-bold\">R\u00e9paration Lecteur Disque Console Montr\u00e9al : Meilleures Solutions Professionnelles pour PS4 et Xbox<\/h5><\/a><a class=\"pix-post-meta-date pix-blog-post-text text-sm mb-0 d-inline-block text-body-default svg-body-default\" href=\"https:\/\/buycellfix.ca\/fr\/reparation-lecteur-disque-console-montreal-meilleures-solutions-professionnelles-pour-ps4-xbox\/\"><span class=\"pr-1\">\n\t\t\t\t\t\t\t\t<svg xmlns=\"http:\/\/www.w3.org\/2000\/svg\" width=\"18\" height=\"18\" viewbox=\"0 0 18 18\">\n  <path fill=\"currentColor\" d=\"M9,0 C13.95,0 18,4.05 18,9 C18,13.95 13.95,18 9,18 C4.05,18 0,13.95 0,9 C0,4.05 4.05,0 9,0 Z M9,16.2 C12.96,16.2 16.2,12.96 16.2,9 C16.2,5.04 12.96,1.8 9,1.8 C5.04,1.8 1.8,5.04 1.8,9 C1.8,12.96 5.04,16.2 9,16.2 Z M12.6,9.4 C13.26,9.4 13.8,9.64 13.8,10.3 C13.8,10.96 13.26,11.2 12.6,11.2 L7.8,11.2 L7.8,5.8 C7.8,5.14 8.04,4.6 8.7,4.6 C9.36,4.6 9.6,5.14 9.6,5.8 L9.6,9.4 L12.6,9.4 Z\"\/>\n<\/svg>\n\n\t\t\t\t\t\t\t\t<\/span><span class=\"text-body-default pix-blog-post-text\">13 octobre 2025<\/span><\/a><\/div>\n\t\t\t\t\t<\/div>\n\t\t\t\t<\/div><\/div><\/div><\/div>\n\t\t\t\t<\/div>\n\t\t\t\t<\/div>\n\t\t\t\t\t<\/div>\n\t\t<\/div>\n\t\t\t\t\t<\/div>\n\t\t<\/section>\n\t\t\t\t<\/div>","protected":false},"excerpt":{"rendered":"<p>Blogs Post Console Repair Overheating Montreal: Best Professional Solutions for PS5 &amp; Xbox October 13, 2025 Post HDMI Port Repair Montreal: Best Professional Console Solutions for PS5 &amp; Xbox October 13, 2025 Uncategorized R\u00e9paration Port HDMI Montr\u00e9al: Meilleures Solutions Professionnelles<\/p>","protected":false},"author":2,"featured_media":0,"parent":0,"menu_order":0,"comment_status":"closed","ping_status":"closed","template":"elementor_header_footer","meta":{"_monsterinsights_skip_tracking":false,"_monsterinsights_sitenote_active":false,"_monsterinsights_sitenote_note":"","_monsterinsights_sitenote_category":0,"footnotes":""},"class_list":["post-8198","page","type-page","status-publish","hentry"],"_hostinger_reach_plugin_has_subscription_block":false,"_hostinger_reach_plugin_is_elementor":false,"_links":{"self":[{"href":"https:\/\/buycellfix.ca\/fr\/wp-json\/wp\/v2\/pages\/8198","targetHints":{"allow":["GET"]}}],"collection":[{"href":"https:\/\/buycellfix.ca\/fr\/wp-json\/wp\/v2\/pages"}],"about":[{"href":"https:\/\/buycellfix.ca\/fr\/wp-json\/wp\/v2\/types\/page"}],"author":[{"embeddable":true,"href":"https:\/\/buycellfix.ca\/fr\/wp-json\/wp\/v2\/users\/2"}],"replies":[{"embeddable":true,"href":"https:\/\/buycellfix.ca\/fr\/wp-json\/wp\/v2\/comments?post=8198"}],"version-history":[{"count":12,"href":"https:\/\/buycellfix.ca\/fr\/wp-json\/wp\/v2\/pages\/8198\/revisions"}],"predecessor-version":[{"id":8210,"href":"https:\/\/buycellfix.ca\/fr\/wp-json\/wp\/v2\/pages\/8198\/revisions\/8210"}],"wp:attachment":[{"href":"https:\/\/buycellfix.ca\/fr\/wp-json\/wp\/v2\/media?parent=8198"}],"curies":[{"name":"wp","href":"https:\/\/api.w.org\/{rel}","templated":true}]}}